{"id":834,"date":"2022-10-20T10:31:30","date_gmt":"2022-10-20T08:31:30","guid":{"rendered":"https:\/\/vienna-life.li\/imprint\/"},"modified":"2022-10-24T11:03:44","modified_gmt":"2022-10-24T09:03:44","slug":"imprint","status":"publish","type":"page","link":"https:\/\/vienna-life.li\/en\/imprint\/","title":{"rendered":"Imprint"},"content":{"rendered":"<div id=\"LeftPanel\">\n<div id=\"BG_Module\">\n<h2>Imprint and legal information<\/h2>\n<h3>Content<\/h3>\n<p>\u00a9 Vienna-Life Lebensversicherung AG Vienna Insurance Group, Bendern<\/p>\n<p>&nbsp;<\/p>\n<h3>Design, concept and implementation of the website<\/h3>\n<p><a href=\"http:\/\/www.fortix.io\">FORTIX GmbH<\/a><\/p>\n<h3><span class=\"Blue\">Disclaimer (limitation of responsibility)<\/span><\/h3>\n<p>This is the website of Vienna-Life Lebensversicherung AG Vienna Insurance Group. The following applies to all pages and sub-pages of this website. Persons who access these web pages and retrieve information declare their agreement with the following provisions:  <\/p>\n<p>&nbsp;<\/p>\n<h3><span class=\"Blue\">Use<\/span><\/h3>\n<p>Vienna-Life Lebensversicherung AG Vienna Insurance Group makes every effort to ensure the secure operation of the website. Nevertheless, deficiencies such as loss or corruption of data, virus attack, interruption of operations, etc. cannot be excluded. Access to the website is therefore at the user&#8217;s own risk and responsibility.  <\/p>\n<p>&nbsp;<\/p>\n<h3><span class=\"Blue\">Disclaimer<\/span><\/h3>\n<p>Vienna-Life Lebensversicherung AG Vienna Insurance Group disclaims any liability for damage or consequential damage resulting from access to its website or to individual parts thereof (such as downloaded documents), their use (or from the impossibility of access or use) or links to other websites.<\/p>\n<p>&nbsp;<\/p>\n<h3><span class=\"Blue\">Disclaimer of warranty<\/span><\/h3>\n<p>Die Vienna-Life Lebensversicherung AG Vienna Insurance Group \u00fcbernimmt keinerlei Gew\u00e4hr f\u00fcr die Aktualit\u00e4t, Korrektheit, Vollst\u00e4ndigkeit oder Qualit\u00e4t der bereitgestellten Informationen. Haftungsanspr\u00fcche gegen die Vienna-Life Lebensversicherung AG Vienna Insurance Group, die sich auf Sch\u00e4den materieller oder ideeller Art beziehen, welche durch die Nutzung der dargebotenen Informationen verursacht wurden, sind grunds\u00e4tzlich ausgeschlossen. Die Vienna-Life Lebensversicherung AG Vienna Insurance Group beh\u00e4lt es sich ausdr\u00fccklich vor, Teile der Seiten oder das gesamte Angebot ohne gesonderte Ank\u00fcndigung zu ver\u00e4ndern, zu erg\u00e4nzen oder zu l\u00f6schen.  <\/p>\n<p>&nbsp;<\/p>\n<h3><span class=\"Blue\">Linked websites (links)<\/span><\/h3>\n<p>Some of the web pages contain links to third-party websites. Vienna-Life Lebensversicherung AG Vienna Insurance Group assumes no responsibility for their content, the products, services or other offers contained therein, or for compliance with data protection provisions. Activation of a link is at the user&#8217;s own risk.  <\/p>\n<\/div>\n<\/div>\n<div id=\"RightPanel\"><\/div>\n<div id=\"ClearBoth\"><\/div>\n","protected":false},"excerpt":{"rendered":"<p>Imprint and legal information Content \u00a9 Vienna-Life Lebensversicherung AG Vienna Insurance Group, Bendern &nbsp; Design, concept and implementation of the website FORTIX GmbH Disclaimer (limitation of responsibility) This is the website of Vienna-Life Lebensversicherung AG Vienna Insurance Group. The following applies to all pages and sub-pages of this website. Persons who access these web pages [&hellip;]<\/p>\n","protected":false},"author":1,"featured_media":0,"parent":0,"menu_order":0,"comment_status":"closed","ping_status":"closed","template":"","meta":{"_acf_changed":false,"footnotes":""},"class_list":["post-834","page","type-page","status-publish","hentry"],"acf":[],"yoast_head":"<!-- This site is optimized with the Yoast SEO plugin v26.3 - https:\/\/yoast.com\/wordpress\/plugins\/seo\/ -->\n<title>Imprint | Vienna Life<\/title>\n<meta name=\"robots\" content=\"index, follow, max-snippet:-1, max-image-preview:large, max-video-preview:-1\" \/>\n<link rel=\"canonical\" href=\"https:\/\/vienna-life.li\/en\/imprint\/\" \/>\n<meta property=\"og:locale\" content=\"en_US\" \/>\n<meta property=\"og:type\" content=\"article\" \/>\n<meta property=\"og:title\" content=\"Imprint | Vienna Life\" \/>\n<meta property=\"og:description\" content=\"Imprint and legal information Content \u00a9 Vienna-Life Lebensversicherung AG Vienna Insurance Group, Bendern &nbsp; Design, concept and implementation of the website FORTIX GmbH Disclaimer (limitation of responsibility) This is the website of Vienna-Life Lebensversicherung AG Vienna Insurance Group. The following applies to all pages and sub-pages of this website. Persons who access these web pages [&hellip;]\" \/>\n<meta property=\"og:url\" content=\"https:\/\/vienna-life.li\/en\/imprint\/\" \/>\n<meta property=\"og:site_name\" content=\"Vienna Life\" \/>\n<meta property=\"article:modified_time\" content=\"2022-10-24T09:03:44+00:00\" \/>\n<meta name=\"twitter:card\" content=\"summary_large_image\" \/>\n<meta name=\"twitter:label1\" content=\"Est. reading time\" \/>\n\t<meta name=\"twitter:data1\" content=\"2 minutes\" \/>\n<script type=\"application\/ld+json\" class=\"yoast-schema-graph\">{\"@context\":\"https:\/\/schema.org\",\"@graph\":[{\"@type\":\"WebPage\",\"@id\":\"https:\/\/vienna-life.li\/en\/imprint\/\",\"url\":\"https:\/\/vienna-life.li\/en\/imprint\/\",\"name\":\"Imprint | Vienna Life\",\"isPartOf\":{\"@id\":\"https:\/\/vienna-life.li\/#website\"},\"datePublished\":\"2022-10-20T08:31:30+00:00\",\"dateModified\":\"2022-10-24T09:03:44+00:00\",\"breadcrumb\":{\"@id\":\"https:\/\/vienna-life.li\/en\/imprint\/#breadcrumb\"},\"inLanguage\":\"en-US\",\"potentialAction\":[{\"@type\":\"ReadAction\",\"target\":[\"https:\/\/vienna-life.li\/en\/imprint\/\"]}]},{\"@type\":\"BreadcrumbList\",\"@id\":\"https:\/\/vienna-life.li\/en\/imprint\/#breadcrumb\",\"itemListElement\":[{\"@type\":\"ListItem\",\"position\":1,\"name\":\"Home\",\"item\":\"https:\/\/vienna-life.li\/en\/homepage\/\"},{\"@type\":\"ListItem\",\"position\":2,\"name\":\"Imprint\"}]},{\"@type\":\"WebSite\",\"@id\":\"https:\/\/vienna-life.li\/#website\",\"url\":\"https:\/\/vienna-life.li\/\",\"name\":\"Vienna Life\",\"description\":\"Verm\u00f6gensaubau und private Altersvorsorge\",\"publisher\":{\"@id\":\"https:\/\/vienna-life.li\/#organization\"},\"potentialAction\":[{\"@type\":\"SearchAction\",\"target\":{\"@type\":\"EntryPoint\",\"urlTemplate\":\"https:\/\/vienna-life.li\/?s={search_term_string}\"},\"query-input\":{\"@type\":\"PropertyValueSpecification\",\"valueRequired\":true,\"valueName\":\"search_term_string\"}}],\"inLanguage\":\"en-US\"},{\"@type\":\"Organization\",\"@id\":\"https:\/\/vienna-life.li\/#organization\",\"name\":\"Vienna Life Lebensversicherung AG\",\"url\":\"https:\/\/vienna-life.li\/\",\"logo\":{\"@type\":\"ImageObject\",\"inLanguage\":\"en-US\",\"@id\":\"https:\/\/vienna-life.li\/#\/schema\/logo\/image\/\",\"url\":\"https:\/\/vienna-life.li\/app\/uploads\/2022\/06\/Logo_ViennaLife_2021.png\",\"contentUrl\":\"https:\/\/vienna-life.li\/app\/uploads\/2022\/06\/Logo_ViennaLife_2021.png\",\"width\":294,\"height\":69,\"caption\":\"Vienna Life Lebensversicherung AG\"},\"image\":{\"@id\":\"https:\/\/vienna-life.li\/#\/schema\/logo\/image\/\"},\"sameAs\":[\"https:\/\/www.linkedin.com\/company\/vienna-life-lebensversicherung-ag-vienna-insurance-group\/\"]}]}<\/script>\n<!-- \/ Yoast SEO plugin. -->","yoast_head_json":{"title":"Imprint | Vienna Life","robots":{"index":"index","follow":"follow","max-snippet":"max-snippet:-1","max-image-preview":"max-image-preview:large","max-video-preview":"max-video-preview:-1"},"canonical":"https:\/\/vienna-life.li\/en\/imprint\/","og_locale":"en_US","og_type":"article","og_title":"Imprint | Vienna Life","og_description":"Imprint and legal information Content \u00a9 Vienna-Life Lebensversicherung AG Vienna Insurance Group, Bendern &nbsp; Design, concept and implementation of the website FORTIX GmbH Disclaimer (limitation of responsibility) This is the website of Vienna-Life Lebensversicherung AG Vienna Insurance Group. The following applies to all pages and sub-pages of this website. Persons who access these web pages [&hellip;]","og_url":"https:\/\/vienna-life.li\/en\/imprint\/","og_site_name":"Vienna Life","article_modified_time":"2022-10-24T09:03:44+00:00","twitter_card":"summary_large_image","twitter_misc":{"Est. reading time":"2 minutes"},"schema":{"@context":"https:\/\/schema.org","@graph":[{"@type":"WebPage","@id":"https:\/\/vienna-life.li\/en\/imprint\/","url":"https:\/\/vienna-life.li\/en\/imprint\/","name":"Imprint | Vienna Life","isPartOf":{"@id":"https:\/\/vienna-life.li\/#website"},"datePublished":"2022-10-20T08:31:30+00:00","dateModified":"2022-10-24T09:03:44+00:00","breadcrumb":{"@id":"https:\/\/vienna-life.li\/en\/imprint\/#breadcrumb"},"inLanguage":"en-US","potentialAction":[{"@type":"ReadAction","target":["https:\/\/vienna-life.li\/en\/imprint\/"]}]},{"@type":"BreadcrumbList","@id":"https:\/\/vienna-life.li\/en\/imprint\/#breadcrumb","itemListElement":[{"@type":"ListItem","position":1,"name":"Home","item":"https:\/\/vienna-life.li\/en\/homepage\/"},{"@type":"ListItem","position":2,"name":"Imprint"}]},{"@type":"WebSite","@id":"https:\/\/vienna-life.li\/#website","url":"https:\/\/vienna-life.li\/","name":"Vienna Life","description":"Verm\u00f6gensaubau und private Altersvorsorge","publisher":{"@id":"https:\/\/vienna-life.li\/#organization"},"potentialAction":[{"@type":"SearchAction","target":{"@type":"EntryPoint","urlTemplate":"https:\/\/vienna-life.li\/?s={search_term_string}"},"query-input":{"@type":"PropertyValueSpecification","valueRequired":true,"valueName":"search_term_string"}}],"inLanguage":"en-US"},{"@type":"Organization","@id":"https:\/\/vienna-life.li\/#organization","name":"Vienna Life Lebensversicherung AG","url":"https:\/\/vienna-life.li\/","logo":{"@type":"ImageObject","inLanguage":"en-US","@id":"https:\/\/vienna-life.li\/#\/schema\/logo\/image\/","url":"https:\/\/vienna-life.li\/app\/uploads\/2022\/06\/Logo_ViennaLife_2021.png","contentUrl":"https:\/\/vienna-life.li\/app\/uploads\/2022\/06\/Logo_ViennaLife_2021.png","width":294,"height":69,"caption":"Vienna Life Lebensversicherung AG"},"image":{"@id":"https:\/\/vienna-life.li\/#\/schema\/logo\/image\/"},"sameAs":["https:\/\/www.linkedin.com\/company\/vienna-life-lebensversicherung-ag-vienna-insurance-group\/"]}]}},"_links":{"self":[{"href":"https:\/\/vienna-life.li\/en\/wp-json\/wp\/v2\/pages\/834","targetHints":{"allow":["GET"]}}],"collection":[{"href":"https:\/\/vienna-life.li\/en\/wp-json\/wp\/v2\/pages"}],"about":[{"href":"https:\/\/vienna-life.li\/en\/wp-json\/wp\/v2\/types\/page"}],"author":[{"embeddable":true,"href":"https:\/\/vienna-life.li\/en\/wp-json\/wp\/v2\/users\/1"}],"replies":[{"embeddable":true,"href":"https:\/\/vienna-life.li\/en\/wp-json\/wp\/v2\/comments?post=834"}],"version-history":[{"count":1,"href":"https:\/\/vienna-life.li\/en\/wp-json\/wp\/v2\/pages\/834\/revisions"}],"predecessor-version":[{"id":835,"href":"https:\/\/vienna-life.li\/en\/wp-json\/wp\/v2\/pages\/834\/revisions\/835"}],"wp:attachment":[{"href":"https:\/\/vienna-life.li\/en\/wp-json\/wp\/v2\/media?parent=834"}],"curies":[{"name":"wp","href":"https:\/\/api.w.org\/{rel}","templated":true}]}}